{"id":969,"date":"2020-10-12T00:37:20","date_gmt":"2020-10-12T00:37:20","guid":{"rendered":"http:\/\/berlingidam.de\/?page_id=969"},"modified":"2022-11-09T00:10:48","modified_gmt":"2022-11-09T00:10:48","slug":"impressum","status":"publish","type":"page","link":"https:\/\/berlingidam.de\/?page_id=969","title":{"rendered":"Impressum"},"content":{"rendered":"\n\t<div id=\"gap-792012579\" class=\"gap-element clearfix\" style=\"display:block; height:auto;\">\n\t\t\n<style>\n#gap-792012579 {\n  padding-top: 30px;\n}\n<\/style>\n\t<\/div>\n\t\n\n<h2><span style=\"font-size: 150%;\">Gesetzliche Anbieterkennung<\/span><\/h2>\n<p>&nbsp;<\/p>\n<h3 style=\"padding-left: 40px;\">Angaben gem\u00e4\u00df \u00a75 TMG<\/h3>\n<p style=\"padding-left: 40px;\"><span style=\"font-size: 120%;\">Berlin GiDaM<\/span><br><span style=\"font-size: 120%;\">Yilmaz &amp; Akg\u00fcl GbR<\/span><br><span style=\"font-size: 120%;\">Gehringstr. 38<\/span><br><span style=\"font-size: 120%;\">13088 Berlin<\/span><\/p>\n<h3 style=\"padding-left: 40px;\">Umsatzsteuer-Identifikationsnummer gem\u00e4\u00df \u00a727a Umsatzsteuergesetz:<\/h3>\n<p style=\"padding-left: 40px;\">DE 226468908<\/p>\n<p>&nbsp;<\/p>\n<h2><span style=\"font-size: 150%;\">Kontakt<\/span><\/h2>\n<p style=\"padding-left: 40px;\"><strong>Telefon:<\/strong> 030 \/ 923 703 33<br><strong>Fax:<\/strong> 030 \/ 923 728 74<br><strong>E-Mail:<\/strong> info@berlingidam.de<\/p>\n<p>&nbsp;<\/p>\n","protected":false},"excerpt":{"rendered":"<p>Gesetzliche Anbieterkennung &nbsp; Angaben gem\u00e4\u00df \u00a75 TMG Berlin GiDaMYilmaz &amp; Akg\u00fcl GbRGehringstr. 3813088 Berlin Umsatzsteuer-Identifikationsnummer gem\u00e4\u00df \u00a727a Umsatzsteuergesetz: DE 226468908 &nbsp; Kontakt Telefon: 030 \/ 923 703 33Fax: 030 \/ 923 728 74E-Mail: info@berlingidam.de &nbsp;<\/p>\n","protected":false},"author":1,"featured_media":0,"parent":0,"menu_order":0,"comment_status":"closed","ping_status":"closed","template":"","meta":{"footnotes":""},"class_list":["post-969","page","type-page","status-publish","hentry"],"_links":{"self":[{"href":"https:\/\/berlingidam.de\/index.php?rest_route=\/wp\/v2\/pages\/969","targetHints":{"allow":["GET"]}}],"collection":[{"href":"https:\/\/berlingidam.de\/index.php?rest_route=\/wp\/v2\/pages"}],"about":[{"href":"https:\/\/berlingidam.de\/index.php?rest_route=\/wp\/v2\/types\/page"}],"author":[{"embeddable":true,"href":"https:\/\/berlingidam.de\/index.php?rest_route=\/wp\/v2\/users\/1"}],"replies":[{"embeddable":true,"href":"https:\/\/berlingidam.de\/index.php?rest_route=%2Fwp%2Fv2%2Fcomments&post=969"}],"version-history":[{"count":8,"href":"https:\/\/berlingidam.de\/index.php?rest_route=\/wp\/v2\/pages\/969\/revisions"}],"predecessor-version":[{"id":1627,"href":"https:\/\/berlingidam.de\/index.php?rest_route=\/wp\/v2\/pages\/969\/revisions\/1627"}],"wp:attachment":[{"href":"https:\/\/berlingidam.de\/index.php?rest_route=%2Fwp%2Fv2%2Fmedia&parent=969"}],"curies":[{"name":"wp","href":"https:\/\/api.w.org\/{rel}","templated":true}]}}