{"id":1617,"date":"2021-12-09T10:45:37","date_gmt":"2021-12-09T10:45:37","guid":{"rendered":"https:\/\/berlingidam.de\/?post_type=product&#038;p=1617"},"modified":"2021-12-09T10:45:37","modified_gmt":"2021-12-09T10:45:37","slug":"6834-oezyoerem-top-fit-tavuk-goegsue-fueme-100g","status":"publish","type":"product","link":"https:\/\/berlingidam.de\/?product=6834-oezyoerem-top-fit-tavuk-goegsue-fueme-100g","title":{"rendered":"6834 &#8211; \u00d6zy\u00f6rem Top Fit Tavuk G\u00f6gs\u00fc F\u00fcme 100g"},"content":{"rendered":"","protected":false},"excerpt":{"rendered":"<p> 12 x 100g<\/p>\n","protected":false},"featured_media":1618,"template":"","meta":[],"product_brand":[],"product_cat":[20,16,21],"product_tag":[],"class_list":{"0":"post-1617","1":"product","2":"type-product","3":"status-publish","4":"has-post-thumbnail","6":"product_cat-dilimler","7":"product_cat-et-tavuk","8":"product_cat-oezyoerem-dilimler","10":"first","11":"instock","12":"shipping-taxable","13":"product-type-simple"},"_links":{"self":[{"href":"https:\/\/berlingidam.de\/index.php?rest_route=\/wp\/v2\/product\/1617","targetHints":{"allow":["GET"]}}],"collection":[{"href":"https:\/\/berlingidam.de\/index.php?rest_route=\/wp\/v2\/product"}],"about":[{"href":"https:\/\/berlingidam.de\/index.php?rest_route=\/wp\/v2\/types\/product"}],"wp:featuredmedia":[{"embeddable":true,"href":"https:\/\/berlingidam.de\/index.php?rest_route=\/wp\/v2\/media\/1618"}],"wp:attachment":[{"href":"https:\/\/berlingidam.de\/index.php?rest_route=%2Fwp%2Fv2%2Fmedia&parent=1617"}],"wp:term":[{"taxonomy":"product_brand","embeddable":true,"href":"https:\/\/berlingidam.de\/index.php?rest_route=%2Fwp%2Fv2%2Fproduct_brand&post=1617"},{"taxonomy":"product_cat","embeddable":true,"href":"https:\/\/berlingidam.de\/index.php?rest_route=%2Fwp%2Fv2%2Fproduct_cat&post=1617"},{"taxonomy":"product_tag","embeddable":true,"href":"https:\/\/berlingidam.de\/index.php?rest_route=%2Fwp%2Fv2%2Fproduct_tag&post=1617"}],"curies":[{"name":"wp","href":"https:\/\/api.w.org\/{rel}","templated":true}]}}