{"id":1657,"date":"2025-08-16T10:25:41","date_gmt":"2025-08-16T10:25:41","guid":{"rendered":"https:\/\/berlingidam.de\/?post_type=product&#038;p=1657"},"modified":"2025-08-16T10:25:42","modified_gmt":"2025-08-16T10:25:42","slug":"6123-oezyoerem-kaesekrainer-500g","status":"publish","type":"product","link":"https:\/\/berlingidam.de\/?product=6123-oezyoerem-kaesekrainer-500g","title":{"rendered":"6123 &#8211; \u00d6zy\u00f6rem K\u00e4sekrainer 500g"},"content":{"rendered":"","protected":false},"excerpt":{"rendered":"","protected":false},"featured_media":0,"template":"","meta":[],"product_brand":[],"product_cat":[16,24,23],"product_tag":[],"class_list":{"0":"post-1657","1":"product","2":"type-product","3":"status-publish","5":"product_cat-et-tavuk","6":"product_cat-oezyoerem-sosis","7":"product_cat-sosis","9":"first","10":"instock","11":"shipping-taxable","12":"product-type-simple"},"_links":{"self":[{"href":"https:\/\/berlingidam.de\/index.php?rest_route=\/wp\/v2\/product\/1657","targetHints":{"allow":["GET"]}}],"collection":[{"href":"https:\/\/berlingidam.de\/index.php?rest_route=\/wp\/v2\/product"}],"about":[{"href":"https:\/\/berlingidam.de\/index.php?rest_route=\/wp\/v2\/types\/product"}],"wp:attachment":[{"href":"https:\/\/berlingidam.de\/index.php?rest_route=%2Fwp%2Fv2%2Fmedia&parent=1657"}],"wp:term":[{"taxonomy":"product_brand","embeddable":true,"href":"https:\/\/berlingidam.de\/index.php?rest_route=%2Fwp%2Fv2%2Fproduct_brand&post=1657"},{"taxonomy":"product_cat","embeddable":true,"href":"https:\/\/berlingidam.de\/index.php?rest_route=%2Fwp%2Fv2%2Fproduct_cat&post=1657"},{"taxonomy":"product_tag","embeddable":true,"href":"https:\/\/berlingidam.de\/index.php?rest_route=%2Fwp%2Fv2%2Fproduct_tag&post=1657"}],"curies":[{"name":"wp","href":"https:\/\/api.w.org\/{rel}","templated":true}]}}