{"id":493,"date":"2020-10-06T19:25:52","date_gmt":"2020-10-06T19:25:52","guid":{"rendered":"http:\/\/berlingidam.de\/produkt\/import-placeholder-for-537\/"},"modified":"2020-10-12T11:53:54","modified_gmt":"2020-10-12T11:53:54","slug":"2153-yoerem-kars-kueflue-peyniri-100g","status":"publish","type":"product","link":"https:\/\/berlingidam.de\/?product=2153-yoerem-kars-kueflue-peyniri-100g","title":{"rendered":"2153 &#8211; Y\u00f6rem Kars K\u00fcfl\u00fc Peyniri 100g"},"content":{"rendered":"","protected":false},"excerpt":{"rendered":"","protected":false},"featured_media":1008,"template":"","meta":[],"product_brand":[],"product_cat":[36,43],"product_tag":[],"class_list":{"0":"post-493","1":"product","2":"type-product","3":"status-publish","4":"has-post-thumbnail","6":"product_cat-suet-ueruenleri","7":"product_cat-yoeresel-peynir","9":"first","10":"instock","11":"shipping-taxable","12":"product-type-simple"},"_links":{"self":[{"href":"https:\/\/berlingidam.de\/index.php?rest_route=\/wp\/v2\/product\/493","targetHints":{"allow":["GET"]}}],"collection":[{"href":"https:\/\/berlingidam.de\/index.php?rest_route=\/wp\/v2\/product"}],"about":[{"href":"https:\/\/berlingidam.de\/index.php?rest_route=\/wp\/v2\/types\/product"}],"wp:featuredmedia":[{"embeddable":true,"href":"https:\/\/berlingidam.de\/index.php?rest_route=\/wp\/v2\/media\/1008"}],"wp:attachment":[{"href":"https:\/\/berlingidam.de\/index.php?rest_route=%2Fwp%2Fv2%2Fmedia&parent=493"}],"wp:term":[{"taxonomy":"product_brand","embeddable":true,"href":"https:\/\/berlingidam.de\/index.php?rest_route=%2Fwp%2Fv2%2Fproduct_brand&post=493"},{"taxonomy":"product_cat","embeddable":true,"href":"https:\/\/berlingidam.de\/index.php?rest_route=%2Fwp%2Fv2%2Fproduct_cat&post=493"},{"taxonomy":"product_tag","embeddable":true,"href":"https:\/\/berlingidam.de\/index.php?rest_route=%2Fwp%2Fv2%2Fproduct_tag&post=493"}],"curies":[{"name":"wp","href":"https:\/\/api.w.org\/{rel}","templated":true}]}}